{"id":10,"date":"2022-06-09T15:15:44","date_gmt":"2022-06-09T13:15:44","guid":{"rendered":"https:\/\/savonnerie-odouxsavons.fr\/?page_id=10"},"modified":"2023-06-25T23:12:52","modified_gmt":"2023-06-25T21:12:52","slug":"a-propos","status":"publish","type":"page","link":"https:\/\/savonnerie-odouxsavons.fr\/?page_id=10","title":{"rendered":"A Propos"},"content":{"rendered":"\n<p>Bienvenue sur le site de ma savonnerie artisanale. Install\u00e9e \u00e0 Dives sur Mer, en Normandie, je fabrique mes savons et shampoings selon la technique artisanale de Saponification \u00e0 Froid. Les savons sont alors naturellement doux pour la peau et riches en glyc\u00e9rine produite par les huiles elles-m\u00eames lors de la saponification. Non chauff\u00e9es, les huiles nous offrent leurs propri\u00e9t\u00e9s et bienfaits pour notre peau.<\/p>\n\n\n\n<p>J&rsquo;utilise des mati\u00e8res premi\u00e8res d&rsquo;origine biologique (huiles, huiles essentielles, fruits&#8230;) ou Ecocert Cosmos (argiles).<\/p>\n\n\n\n<p>Avez-vous d\u00e9j\u00e0 admir\u00e9 les champs de colza, chanvre ou lin en sillonnant les routes normandes&nbsp;? \u00c0 d\u00e9faut d&rsquo;huileries locales, je tiens \u00e0 mettre ces huiles en lumi\u00e8re, car elles ont toutes 3 des propri\u00e9t\u00e9s dermatologiques int\u00e9ressantes&nbsp;: de v\u00e9ritables tr\u00e9sors&nbsp;!<\/p>\n\n\n\n<p>Lorsque les savons sont parfum\u00e9s avec des huiles essentielles, je privil\u00e9gie des synergies.<\/p>\n\n\n\n<p>Tous mes savons sont volontairement avec surgras, et appartiennent \u00e0 la cat\u00e9gorie pour Peaux Sensibles (d\u00e9termination objective r\u00e9sultant des chiffres de formulation de la recette&#8230;). La mousse cr\u00e9meuse est donc privil\u00e9gi\u00e9e plut\u00f4t qu&rsquo;une mousse abondante. Ils conviennent ainsi autant pour le visage que pour le corps et les mains. Ils ne se contentent pas de laver votre peau, mais ils la respectent et la nourrissent.<\/p>\n\n\n\n<p>Ils sont pr\u00e9sent\u00e9s dans un emballage kraft.<\/p>\n\n\n\n<p>Dans ma Savonnerie O&rsquo;Doux Savons, la douceur est le mot d&rsquo;ordre&nbsp;! Prenons soin de notre peau avec les cadeaux que la nature nous offre.<\/p>\n\n\n\n<p>Je vous propose des bouillottes s\u00e8ches \u00e0 base de noyaux de cerise dans le m\u00eame \u00e9tat d&rsquo;esprit que mes savons&nbsp;: la douceur pr\u00f4ne avant tout&nbsp;! Les noyaux d\u00e9gagent naturellement une odeur r\u00e9confortante, pour les grands comme pour les petits. De plus, la consistance des noyaux privil\u00e9gie un massage doux.<\/p>\n","protected":false},"excerpt":{"rendered":"<p>Bienvenue sur le site de ma savonnerie artisanale. Install\u00e9e \u00e0 Dives sur Mer, en Normandie, je fabrique mes savons et shampoings selon la technique artisanale de Saponification \u00e0 Froid. Les savons sont alors naturellement doux pour la peau et riches en glyc\u00e9rine produite par les huiles elles-m\u00eames lors de la saponification. Non chauff\u00e9es, les huiles [&hellip;]<\/p>\n","protected":false},"author":1,"featured_media":532,"parent":0,"menu_order":0,"comment_status":"closed","ping_status":"closed","template":"","meta":{"ocean_post_layout":"","ocean_both_sidebars_style":"","ocean_both_sidebars_content_width":0,"ocean_both_sidebars_sidebars_width":0,"ocean_sidebar":"0","ocean_second_sidebar":"0","ocean_disable_margins":"enable","ocean_add_body_class":"","ocean_shortcode_before_top_bar":"","ocean_shortcode_after_top_bar":"","ocean_shortcode_before_header":"","ocean_shortcode_after_header":"","ocean_has_shortcode":"","ocean_shortcode_after_title":"","ocean_shortcode_before_footer_widgets":"","ocean_shortcode_after_footer_widgets":"","ocean_shortcode_before_footer_bottom":"","ocean_shortcode_after_footer_bottom":"","ocean_display_top_bar":"default","ocean_display_header":"default","ocean_header_style":"","ocean_center_header_left_menu":"0","ocean_custom_header_template":"0","ocean_custom_logo":0,"ocean_custom_retina_logo":0,"ocean_custom_logo_max_width":0,"ocean_custom_logo_tablet_max_width":0,"ocean_custom_logo_mobile_max_width":0,"ocean_custom_logo_max_height":0,"ocean_custom_logo_tablet_max_height":0,"ocean_custom_logo_mobile_max_height":0,"ocean_header_custom_menu":"0","ocean_menu_typo_font_family":"0","ocean_menu_typo_font_subset":"","ocean_menu_typo_font_size":0,"ocean_menu_typo_font_size_tablet":0,"ocean_menu_typo_font_size_mobile":0,"ocean_menu_typo_font_size_unit":"px","ocean_menu_typo_font_weight":"","ocean_menu_typo_font_weight_tablet":"","ocean_menu_typo_font_weight_mobile":"","ocean_menu_typo_transform":"","ocean_menu_typo_transform_tablet":"","ocean_menu_typo_transform_mobile":"","ocean_menu_typo_line_height":0,"ocean_menu_typo_line_height_tablet":0,"ocean_menu_typo_line_height_mobile":0,"ocean_menu_typo_line_height_unit":"","ocean_menu_typo_spacing":0,"ocean_menu_typo_spacing_tablet":0,"ocean_menu_typo_spacing_mobile":0,"ocean_menu_typo_spacing_unit":"","ocean_menu_link_color":"","ocean_menu_link_color_hover":"","ocean_menu_link_color_active":"","ocean_menu_link_background":"","ocean_menu_link_hover_background":"","ocean_menu_link_active_background":"","ocean_menu_social_links_bg":"","ocean_menu_social_hover_links_bg":"","ocean_menu_social_links_color":"","ocean_menu_social_hover_links_color":"","ocean_disable_title":"default","ocean_disable_heading":"default","ocean_post_title":"","ocean_post_subheading":"","ocean_post_title_style":"","ocean_post_title_background_color":"","ocean_post_title_background":0,"ocean_post_title_bg_image_position":"","ocean_post_title_bg_image_attachment":"","ocean_post_title_bg_image_repeat":"","ocean_post_title_bg_image_size":"","ocean_post_title_height":0,"ocean_post_title_bg_overlay":0.5,"ocean_post_title_bg_overlay_color":"","ocean_disable_breadcrumbs":"default","ocean_breadcrumbs_color":"","ocean_breadcrumbs_separator_color":"","ocean_breadcrumbs_links_color":"","ocean_breadcrumbs_links_hover_color":"","ocean_display_footer_widgets":"default","ocean_display_footer_bottom":"default","ocean_custom_footer_template":"0","footnotes":""},"class_list":["post-10","page","type-page","status-publish","has-post-thumbnail","hentry","entry","has-media","owp-thumbs-layout-horizontal","owp-btn-normal","owp-tabs-layout-horizontal","has-no-thumbnails","has-product-nav"],"jetpack_sharing_enabled":true,"_links":{"self":[{"href":"https:\/\/savonnerie-odouxsavons.fr\/index.php?rest_route=\/wp\/v2\/pages\/10","targetHints":{"allow":["GET"]}}],"collection":[{"href":"https:\/\/savonnerie-odouxsavons.fr\/index.php?rest_route=\/wp\/v2\/pages"}],"about":[{"href":"https:\/\/savonnerie-odouxsavons.fr\/index.php?rest_route=\/wp\/v2\/types\/page"}],"author":[{"embeddable":true,"href":"https:\/\/savonnerie-odouxsavons.fr\/index.php?rest_route=\/wp\/v2\/users\/1"}],"replies":[{"embeddable":true,"href":"https:\/\/savonnerie-odouxsavons.fr\/index.php?rest_route=%2Fwp%2Fv2%2Fcomments&post=10"}],"version-history":[{"count":6,"href":"https:\/\/savonnerie-odouxsavons.fr\/index.php?rest_route=\/wp\/v2\/pages\/10\/revisions"}],"predecessor-version":[{"id":533,"href":"https:\/\/savonnerie-odouxsavons.fr\/index.php?rest_route=\/wp\/v2\/pages\/10\/revisions\/533"}],"wp:featuredmedia":[{"embeddable":true,"href":"https:\/\/savonnerie-odouxsavons.fr\/index.php?rest_route=\/wp\/v2\/media\/532"}],"wp:attachment":[{"href":"https:\/\/savonnerie-odouxsavons.fr\/index.php?rest_route=%2Fwp%2Fv2%2Fmedia&parent=10"}],"curies":[{"name":"wp","href":"https:\/\/api.w.org\/{rel}","templated":true}]}}